{"id":6421,"date":"2013-12-03T16:15:00","date_gmt":"2013-12-03T19:15:00","guid":{"rendered":"http:\/\/www.dumcervejaria.com.br\/es\/onde-encontrar\/"},"modified":"2022-03-08T15:50:04","modified_gmt":"2022-03-08T18:50:04","slug":"onde-encontrar","status":"publish","type":"page","link":"https:\/\/www.dumcervejaria.com.br\/es\/onde-encontrar\/","title":{"rendered":"Onde encontrar"},"content":{"rendered":"<p>Nossa produ\u00e7\u00e3o ainda \u00e9 pequena, por isso sempre bom lembrar que Aqueles que tiverem paci\u00eancia ser\u00e3o recompensados.<\/p>\n<p>Temos uma loja no Direto da Cervejaria, <a href=\"https:\/\/diretodacervejaria.com.br\/gauden?brand_id=8\">clique aqui para conferir nossas ofertas.<\/a> Voc\u00ea pode comprar as nossas cervejas pela internet e receber elas na porta da sua casa<\/p>\n<p>Vendemos direto da f\u00e1brica para todo o Brasil. Se voc\u00ea \u00e9 dono de algum estabelecimento ou distribuidora de cervejas artesanais entre em contato <a href=\"http:\/\/www.dumcervejaria.com.br\/contato\/\">aqui<\/a>.<\/p>\n<p>Atendemos direto pelo e-mail <a href=\"mailto:contato@dumcervejaria.com.br\">contato@dumcervejaria.com.br<\/a>. Se voc\u00ea tem interesse em trabalhar conosco, mande um e-mail para gente e vamos conversar.<\/p>\n<p>&nbsp;<\/p>\n","protected":false},"excerpt":{"rendered":"<p>Nossa produ\u00e7\u00e3o ainda \u00e9 pequena, por isso sempre bom lembrar que Aqueles que tiverem paci\u00eancia ser\u00e3o recompensados. Temos uma loja no Direto da Cervejaria, clique aqui para conferir nossas ofertas. Voc\u00ea pode comprar as nossas cervejas pela internet e receber elas na porta da sua casa Vendemos direto da f\u00e1brica para todo o Brasil. Se [&#8230;]<\/p>\n","protected":false},"author":1,"featured_media":0,"parent":0,"menu_order":0,"comment_status":"open","ping_status":"open","template":"page-full.php","meta":{"_monsterinsights_skip_tracking":false,"_monsterinsights_sitenote_active":false,"_monsterinsights_sitenote_note":"","_monsterinsights_sitenote_category":0,"ngg_post_thumbnail":0,"footnotes":""},"class_list":["post-6421","page","type-page","status-publish","hentry"],"aioseo_notices":[],"_links":{"self":[{"href":"https:\/\/www.dumcervejaria.com.br\/es\/wp-json\/wp\/v2\/pages\/6421","targetHints":{"allow":["GET"]}}],"collection":[{"href":"https:\/\/www.dumcervejaria.com.br\/es\/wp-json\/wp\/v2\/pages"}],"about":[{"href":"https:\/\/www.dumcervejaria.com.br\/es\/wp-json\/wp\/v2\/types\/page"}],"author":[{"embeddable":true,"href":"https:\/\/www.dumcervejaria.com.br\/es\/wp-json\/wp\/v2\/users\/1"}],"replies":[{"embeddable":true,"href":"https:\/\/www.dumcervejaria.com.br\/es\/wp-json\/wp\/v2\/comments?post=6421"}],"version-history":[{"count":13,"href":"https:\/\/www.dumcervejaria.com.br\/es\/wp-json\/wp\/v2\/pages\/6421\/revisions"}],"predecessor-version":[{"id":13715,"href":"https:\/\/www.dumcervejaria.com.br\/es\/wp-json\/wp\/v2\/pages\/6421\/revisions\/13715"}],"wp:attachment":[{"href":"https:\/\/www.dumcervejaria.com.br\/es\/wp-json\/wp\/v2\/media?parent=6421"}],"curies":[{"name":"wp","href":"https:\/\/api.w.org\/{rel}","templated":true}]}}